{"id":725,"date":"2026-02-06T14:53:47","date_gmt":"2026-02-06T13:53:47","guid":{"rendered":"https:\/\/athlechasse.fr\/?page_id=725"},"modified":"2026-02-06T14:53:47","modified_gmt":"2026-02-06T13:53:47","slug":"page-en-cours-de-construction","status":"publish","type":"page","link":"https:\/\/athlechasse.fr\/index.php\/page-en-cours-de-construction\/","title":{"rendered":"Page en cours de construction"},"content":{"rendered":"<style>.kb-row-layout-id725_bf89b0-80 > .kt-row-column-wrap{align-content:start;}:where(.kb-row-layout-id725_bf89b0-80 > .kt-row-column-wrap) > .wp-block-kadence-column{justify-content:start;}.kb-row-layout-id725_bf89b0-80 > .kt-row-column-wrap{column-gap:var(--global-kb-gap-md, 2rem);row-gap:var(--global-kb-gap-md, 2rem);max-width:1000px;margin-left:auto;margin-right:auto;padding-top:var(--global-kb-spacing-xl, 4rem);padding-right:var(--global-kb-spacing-md, 2rem);padding-bottom:var(--global-kb-spacing-xl, 4rem);padding-left:var(--global-kb-spacing-md, 2rem);grid-template-columns:minmax(0, 1fr);}.kb-row-layout-id725_bf89b0-80 > .kt-row-layout-overlay{opacity:0.30;}@media all and (max-width: 1024px){.kb-row-layout-id725_bf89b0-80 > .kt-row-column-wrap{grid-template-columns:minmax(0, 1fr);}}@media all and (max-width: 767px){.kb-row-layout-id725_bf89b0-80 > .kt-row-column-wrap{grid-template-columns:minmax(0, 1fr);}}<\/style><div class=\"kb-row-layout-wrap kb-row-layout-id725_bf89b0-80 alignfull has-theme-palette8-background-color kt-row-has-bg wp-block-kadence-rowlayout\"><div class=\"kt-row-column-wrap kt-has-1-columns kt-row-layout-equal kt-tab-layout-inherit kt-mobile-layout-row kt-row-valign-top\">\n<style>.kadence-column725_4f79a0-0f > .kt-inside-inner-col,.kadence-column725_4f79a0-0f > .kt-inside-inner-col:before{border-top-left-radius:0px;border-top-right-radius:0px;border-bottom-right-radius:0px;border-bottom-left-radius:0px;}.kadence-column725_4f79a0-0f > .kt-inside-inner-col{column-gap:var(--global-kb-gap-sm, 1rem);}.kadence-column725_4f79a0-0f > .kt-inside-inner-col{flex-direction:column;}.kadence-column725_4f79a0-0f > .kt-inside-inner-col > .aligncenter{width:100%;}.kadence-column725_4f79a0-0f > .kt-inside-inner-col:before{opacity:0.3;}.kadence-column725_4f79a0-0f{text-align:center;}.kadence-column725_4f79a0-0f{position:relative;}@media all and (max-width: 1024px){.kadence-column725_4f79a0-0f > .kt-inside-inner-col{flex-direction:column;justify-content:center;}}@media all and (max-width: 767px){.kadence-column725_4f79a0-0f > .kt-inside-inner-col{flex-direction:column;justify-content:center;}}.kadence-column725_4f79a0-0f {}<\/style>\n<div class=\"wp-block-kadence-column kadence-column725_4f79a0-0f inner-column-1\"><div class=\"kt-inside-inner-col\"><style>.wp-block-kadence-advancedheading.kt-adv-heading725_02af3d-14, .wp-block-kadence-advancedheading.kt-adv-heading725_02af3d-14[data-kb-block=\"kb-adv-heading725_02af3d-14\"]{text-align:center;font-size:var(--global-kb-font-size-sm, 0.9rem);font-style:normal;text-transform:uppercase;}.wp-block-kadence-advancedheading.kt-adv-heading725_02af3d-14 mark.kt-highlight, .wp-block-kadence-advancedheading.kt-adv-heading725_02af3d-14[data-kb-block=\"kb-adv-heading725_02af3d-14\"] mark.kt-highlight{font-style:normal;color:#f76a0c;-webkit-box-decoration-break:clone;box-decoration-break:clone;padding-top:0px;padding-right:0px;padding-bottom:0px;padding-left:0px;}.wp-block-kadence-advancedheading.kt-adv-heading725_02af3d-14 img.kb-inline-image, .wp-block-kadence-advancedheading.kt-adv-heading725_02af3d-14[data-kb-block=\"kb-adv-heading725_02af3d-14\"] img.kb-inline-image{width:150px;vertical-align:baseline;}<\/style>\n<h6 class=\"kt-adv-heading725_02af3d-14 wp-block-kadence-advancedheading\" data-kb-block=\"kb-adv-heading725_02af3d-14\">Bient\u00f4t<\/h6>\n\n\n<style>.wp-block-kadence-advancedheading.kt-adv-heading725_f2a7fc-49, .wp-block-kadence-advancedheading.kt-adv-heading725_f2a7fc-49[data-kb-block=\"kb-adv-heading725_f2a7fc-49\"]{text-align:center;font-size:var(--global-kb-font-size-lg, 2rem);line-height:1.2;font-style:normal;}.wp-block-kadence-advancedheading.kt-adv-heading725_f2a7fc-49 mark.kt-highlight, .wp-block-kadence-advancedheading.kt-adv-heading725_f2a7fc-49[data-kb-block=\"kb-adv-heading725_f2a7fc-49\"] mark.kt-highlight{font-style:normal;color:#f76a0c;-webkit-box-decoration-break:clone;box-decoration-break:clone;padding-top:0px;padding-right:0px;padding-bottom:0px;padding-left:0px;}.wp-block-kadence-advancedheading.kt-adv-heading725_f2a7fc-49 img.kb-inline-image, .wp-block-kadence-advancedheading.kt-adv-heading725_f2a7fc-49[data-kb-block=\"kb-adv-heading725_f2a7fc-49\"] img.kb-inline-image{width:150px;vertical-align:baseline;}@media all and (max-width: 1024px){.wp-block-kadence-advancedheading.kt-adv-heading725_f2a7fc-49, .wp-block-kadence-advancedheading.kt-adv-heading725_f2a7fc-49[data-kb-block=\"kb-adv-heading725_f2a7fc-49\"]{font-size:36px;}}@media all and (max-width: 767px){.wp-block-kadence-advancedheading.kt-adv-heading725_f2a7fc-49, .wp-block-kadence-advancedheading.kt-adv-heading725_f2a7fc-49[data-kb-block=\"kb-adv-heading725_f2a7fc-49\"]{font-size:28px;line-height:1.3;}}<\/style>\n<h3 class=\"kt-adv-heading725_f2a7fc-49 wp-block-kadence-advancedheading\" data-kb-block=\"kb-adv-heading725_f2a7fc-49\">Notre site est actuellement <strong>en pr\u00e9paration<\/strong>.<br>Nous travaillons en coulisses pour vous proposer une exp\u00e9rience claire, compl\u00e8te et agr\u00e9able.<br>Encore un peu de patience\u2026 le lancement arrive bient\u00f4t \u2728<\/h3>\n\n\n<style>.wp-block-kadence-advancedbtn.kb-btns725_e0c9ad-0c{gap:var(--global-kb-gap-xs, 0.5rem );justify-content:center;align-items:center;}.kt-btns725_e0c9ad-0c .kt-button{font-weight:normal;font-style:normal;}<\/style>\n<div class=\"wp-block-kadence-advancedbtn kb-buttons-wrap kb-btns725_e0c9ad-0c\"><style>ul.menu .wp-block-kadence-advancedbtn .kb-btn725_0e25d9-4e.kb-button{width:initial;}.wp-block-kadence-advancedbtn .kb-btn725_0e25d9-4e.kb-button{color:var(--global-palette5, #4A5568);font-size:nonepx;border-top-left-radius:0px;border-top-right-radius:0px;border-bottom-right-radius:0px;border-bottom-left-radius:0px;border-top:1px solid var(--global-palette5, #4A5568);border-right:1px solid var(--global-palette5, #4A5568);border-bottom:1px solid var(--global-palette5, #4A5568);border-left:1px solid var(--global-palette5, #4A5568);padding-right:55px;padding-left:55px;}.wp-block-kadence-advancedbtn .kb-btn725_0e25d9-4e.kb-button:hover, .wp-block-kadence-advancedbtn .kb-btn725_0e25d9-4e.kb-button:focus{color:var(--global-palette9, #ffffff);background:var(--global-palette2, #2B6CB0);border-top-color:var(--global-palette2, #2B6CB0);border-top-style:solid;border-right-color:var(--global-palette2, #2B6CB0);border-right-style:solid;border-bottom-color:var(--global-palette2, #2B6CB0);border-bottom-style:solid;border-left-color:var(--global-palette2, #2B6CB0);border-left-style:solid;}@media all and (max-width: 1024px){.wp-block-kadence-advancedbtn .kb-btn725_0e25d9-4e.kb-button{border-top:1px solid var(--global-palette5, #4A5568);border-right:1px solid var(--global-palette5, #4A5568);border-bottom:1px solid var(--global-palette5, #4A5568);border-left:1px solid var(--global-palette5, #4A5568);}}@media all and (max-width: 1024px){.wp-block-kadence-advancedbtn .kb-btn725_0e25d9-4e.kb-button:hover, .wp-block-kadence-advancedbtn .kb-btn725_0e25d9-4e.kb-button:focus{border-top-color:var(--global-palette2, #2B6CB0);border-top-style:solid;border-right-color:var(--global-palette2, #2B6CB0);border-right-style:solid;border-bottom-color:var(--global-palette2, #2B6CB0);border-bottom-style:solid;border-left-color:var(--global-palette2, #2B6CB0);border-left-style:solid;}}@media all and (max-width: 767px){.wp-block-kadence-advancedbtn .kb-btn725_0e25d9-4e.kb-button{border-top:1px solid var(--global-palette5, #4A5568);border-right:1px solid var(--global-palette5, #4A5568);border-bottom:1px solid var(--global-palette5, #4A5568);border-left:1px solid var(--global-palette5, #4A5568);}.wp-block-kadence-advancedbtn .kb-btn725_0e25d9-4e.kb-button:hover, .wp-block-kadence-advancedbtn .kb-btn725_0e25d9-4e.kb-button:focus{border-top-color:var(--global-palette2, #2B6CB0);border-top-style:solid;border-right-color:var(--global-palette2, #2B6CB0);border-right-style:solid;border-bottom-color:var(--global-palette2, #2B6CB0);border-bottom-style:solid;border-left-color:var(--global-palette2, #2B6CB0);border-left-style:solid;}}<\/style><a class=\"kb-button kt-button button kb-btn725_0e25d9-4e kt-btn-size-standard kt-btn-width-type-auto kb-btn-global-outline  kt-btn-has-text-true kt-btn-has-svg-false  wp-block-kadence-singlebtn\" href=\"https:\/\/lesheronsdeslacs.fr\/\"><span class=\"kt-btn-inner-text\">contact<\/span><\/a><\/div>\n<\/div><\/div>\n\n<\/div><\/div>\n\n\n<p><\/p>\n","protected":false},"excerpt":{"rendered":"<p>Bient\u00f4t Notre site est actuellement en pr\u00e9paration.Nous travaillons en coulisses pour vous proposer une exp\u00e9rience claire, compl\u00e8te et agr\u00e9able.Encore un peu de patience\u2026 le lancement arrive bient\u00f4t \u2728<\/p>\n","protected":false},"author":1,"featured_media":0,"parent":0,"menu_order":0,"comment_status":"closed","ping_status":"closed","template":"","meta":{"_eb_attr":"","_kad_post_transparent":"","_kad_post_title":"","_kad_post_layout":"","_kad_post_sidebar_id":"","_kad_post_content_style":"","_kad_post_vertical_padding":"","_kad_post_feature":"","_kad_post_feature_position":"","_kad_post_header":false,"_kad_post_footer":false,"_kad_post_classname":"","footnotes":""},"class_list":["post-725","page","type-page","status-publish","hentry"],"_links":{"self":[{"href":"https:\/\/athlechasse.fr\/index.php\/wp-json\/wp\/v2\/pages\/725","targetHints":{"allow":["GET"]}}],"collection":[{"href":"https:\/\/athlechasse.fr\/index.php\/wp-json\/wp\/v2\/pages"}],"about":[{"href":"https:\/\/athlechasse.fr\/index.php\/wp-json\/wp\/v2\/types\/page"}],"author":[{"embeddable":true,"href":"https:\/\/athlechasse.fr\/index.php\/wp-json\/wp\/v2\/users\/1"}],"replies":[{"embeddable":true,"href":"https:\/\/athlechasse.fr\/index.php\/wp-json\/wp\/v2\/comments?post=725"}],"version-history":[{"count":1,"href":"https:\/\/athlechasse.fr\/index.php\/wp-json\/wp\/v2\/pages\/725\/revisions"}],"predecessor-version":[{"id":726,"href":"https:\/\/athlechasse.fr\/index.php\/wp-json\/wp\/v2\/pages\/725\/revisions\/726"}],"wp:attachment":[{"href":"https:\/\/athlechasse.fr\/index.php\/wp-json\/wp\/v2\/media?parent=725"}],"curies":[{"name":"wp","href":"https:\/\/api.w.org\/{rel}","templated":true}]}}