{"id":72,"date":"2024-02-06T22:01:03","date_gmt":"2024-02-06T21:01:03","guid":{"rendered":"https:\/\/athlechasse.fr\/index.php\/mesmerize\/"},"modified":"2026-02-04T12:16:21","modified_gmt":"2026-02-04T11:16:21","slug":"mesmerize","status":"publish","type":"page","link":"https:\/\/athlechasse.fr\/index.php\/mesmerize\/","title":{"rendered":"Meeting Athl\u00e9chasse"},"content":{"rendered":"\t\t<div data-elementor-type=\"wp-page\" data-elementor-id=\"72\" class=\"elementor elementor-72\">\n\t\t\t\t<div class=\"elementor-element elementor-element-c13c62e e-flex e-con-boxed e-con e-parent\" data-id=\"c13c62e\" data-element_type=\"container\" data-e-type=\"container\">\n\t\t\t\t\t<div class=\"e-con-inner\">\n\t\t\t\t<div class=\"elementor-element elementor-element-dd21a60 elementor-widget elementor-widget-heading\" data-id=\"dd21a60\" data-element_type=\"widget\" data-e-type=\"widget\" data-widget_type=\"heading.default\">\n\t\t\t\t\t<h2 class=\"elementor-heading-title elementor-size-default\">Vivez l\u2019exp\u00e9rience unique du 7\u1d49 Meeting d\u2019Athl\u00e9chasse \u00e0 Biscarrosse !<\/h2>\t\t\t\t<\/div>\n\t\t\t\t<div class=\"elementor-element elementor-element-43578cf elementor-widget elementor-widget-image\" data-id=\"43578cf\" data-element_type=\"widget\" data-e-type=\"widget\" data-widget_type=\"image.default\">\n\t\t\t\t\t\t\t\t\t\t\t\t<figure class=\"wp-caption\">\n\t\t\t\t\t\t\t\t\t\t<img fetchpriority=\"high\" decoding=\"async\" width=\"2560\" height=\"1920\" src=\"https:\/\/athlechasse.fr\/wp-content\/uploads\/2024\/06\/IMG_0047-scaled.jpg\" class=\"attachment-full size-full wp-image-499\" alt=\"\" srcset=\"https:\/\/athlechasse.fr\/wp-content\/uploads\/2024\/06\/IMG_0047-scaled.jpg 2560w, https:\/\/athlechasse.fr\/wp-content\/uploads\/2024\/06\/IMG_0047-300x225.jpg 300w, https:\/\/athlechasse.fr\/wp-content\/uploads\/2024\/06\/IMG_0047-1024x768.jpg 1024w, https:\/\/athlechasse.fr\/wp-content\/uploads\/2024\/06\/IMG_0047-768x576.jpg 768w, https:\/\/athlechasse.fr\/wp-content\/uploads\/2024\/06\/IMG_0047-1536x1152.jpg 1536w, https:\/\/athlechasse.fr\/wp-content\/uploads\/2024\/06\/IMG_0047-2048x1536.jpg 2048w, https:\/\/athlechasse.fr\/wp-content\/uploads\/2024\/06\/IMG_0047-1440x1080.jpg 1440w\" sizes=\"(max-width: 2560px) 100vw, 2560px\" \/>\t\t\t\t\t\t\t\t\t\t\t<figcaption class=\"widget-image-caption wp-caption-text\"><\/figcaption>\n\t\t\t\t\t\t\t\t\t\t<\/figure>\n\t\t\t\t\t\t\t\t\t<\/div>\n\t\t<div class=\"elementor-element elementor-element-9174e0c e-grid e-con-full e-con e-child\" data-id=\"9174e0c\" data-element_type=\"container\" data-e-type=\"container\">\n\t\t\t\t<div class=\"elementor-element elementor-element-dbf7b57 elementor-view-default elementor-widget elementor-widget-icon\" data-id=\"dbf7b57\" data-element_type=\"widget\" data-e-type=\"widget\" data-widget_type=\"icon.default\">\n\t\t\t\t\t\t\t<div class=\"elementor-icon-wrapper\">\n\t\t\t<div class=\"elementor-icon\">\n\t\t\t<svg aria-hidden=\"true\" class=\"e-font-icon-svg e-fas-trophy\" viewBox=\"0 0 576 512\" xmlns=\"http:\/\/www.w3.org\/2000\/svg\"><path d=\"M552 64H448V24c0-13.3-10.7-24-24-24H152c-13.3 0-24 10.7-24 24v40H24C10.7 64 0 74.7 0 88v56c0 35.7 22.5 72.4 61.9 100.7 31.5 22.7 69.8 37.1 110 41.7C203.3 338.5 240 360 240 360v72h-48c-35.3 0-64 20.7-64 56v12c0 6.6 5.4 12 12 12h296c6.6 0 12-5.4 12-12v-12c0-35.3-28.7-56-64-56h-48v-72s36.7-21.5 68.1-73.6c40.3-4.6 78.6-19 110-41.7 39.3-28.3 61.9-65 61.9-100.7V88c0-13.3-10.7-24-24-24zM99.3 192.8C74.9 175.2 64 155.6 64 144v-16h64.2c1 32.6 5.8 61.2 12.8 86.2-15.1-5.2-29.2-12.4-41.7-21.4zM512 144c0 16.1-17.7 36.1-35.3 48.8-12.5 9-26.7 16.2-41.8 21.4 7-25 11.8-53.6 12.8-86.2H512v16z\"><\/path><\/svg>\t\t\t<\/div>\n\t\t<\/div>\n\t\t\t\t\t\t<\/div>\n\t\t\t\t<div class=\"elementor-element elementor-element-3c7bd2a elementor-view-default elementor-widget elementor-widget-icon\" data-id=\"3c7bd2a\" data-element_type=\"widget\" data-e-type=\"widget\" data-widget_type=\"icon.default\">\n\t\t\t\t\t\t\t<div class=\"elementor-icon-wrapper\">\n\t\t\t<div class=\"elementor-icon\">\n\t\t\t<svg aria-hidden=\"true\" class=\"e-font-icon-svg e-far-comment-dots\" viewBox=\"0 0 512 512\" xmlns=\"http:\/\/www.w3.org\/2000\/svg\"><path d=\"M144 208c-17.7 0-32 14.3-32 32s14.3 32 32 32 32-14.3 32-32-14.3-32-32-32zm112 0c-17.7 0-32 14.3-32 32s14.3 32 32 32 32-14.3 32-32-14.3-32-32-32zm112 0c-17.7 0-32 14.3-32 32s14.3 32 32 32 32-14.3 32-32-14.3-32-32-32zM256 32C114.6 32 0 125.1 0 240c0 47.6 19.9 91.2 52.9 126.3C38 405.7 7 439.1 6.5 439.5c-6.6 7-8.4 17.2-4.6 26S14.4 480 24 480c61.5 0 110-25.7 139.1-46.3C192 442.8 223.2 448 256 448c141.4 0 256-93.1 256-208S397.4 32 256 32zm0 368c-26.7 0-53.1-4.1-78.4-12.1l-22.7-7.2-19.5 13.8c-14.3 10.1-33.9 21.4-57.5 29 7.3-12.1 14.4-25.7 19.9-40.2l10.6-28.1-20.6-21.8C69.7 314.1 48 282.2 48 240c0-88.2 93.3-160 208-160s208 71.8 208 160-93.3 160-208 160z\"><\/path><\/svg>\t\t\t<\/div>\n\t\t<\/div>\n\t\t\t\t\t\t<\/div>\n\t\t\t\t<div class=\"elementor-element elementor-element-3c1782f elementor-view-default elementor-widget elementor-widget-icon\" data-id=\"3c1782f\" data-element_type=\"widget\" data-e-type=\"widget\" data-widget_type=\"icon.default\">\n\t\t\t\t\t\t\t<div class=\"elementor-icon-wrapper\">\n\t\t\t<div class=\"elementor-icon\">\n\t\t\t<svg aria-hidden=\"true\" class=\"e-font-icon-svg e-fas-video\" viewBox=\"0 0 576 512\" xmlns=\"http:\/\/www.w3.org\/2000\/svg\"><path d=\"M336.2 64H47.8C21.4 64 0 85.4 0 111.8v288.4C0 426.6 21.4 448 47.8 448h288.4c26.4 0 47.8-21.4 47.8-47.8V111.8c0-26.4-21.4-47.8-47.8-47.8zm189.4 37.7L416 177.3v157.4l109.6 75.5c21.2 14.6 50.4-.3 50.4-25.8V127.5c0-25.4-29.1-40.4-50.4-25.8z\"><\/path><\/svg>\t\t\t<\/div>\n\t\t<\/div>\n\t\t\t\t\t\t<\/div>\n\t\t\t\t<div class=\"elementor-element elementor-element-4d940e0 elementor-widget elementor-widget-text-editor\" data-id=\"4d940e0\" data-element_type=\"widget\" data-e-type=\"widget\" data-widget_type=\"text-editor.default\">\n\t\t\t\t\t\t\t\t\t<p>Lorem ipsum dolor sit amet, consectetur adipiscing elit. Ut elit tellus, luctus nec ullamcorper mattis, pulvinar dapibus leo.<\/p>\t\t\t\t\t\t\t\t<\/div>\n\t\t\t\t<div class=\"elementor-element elementor-element-7b7ad40 elementor-widget elementor-widget-text-editor\" data-id=\"7b7ad40\" data-element_type=\"widget\" data-e-type=\"widget\" data-widget_type=\"text-editor.default\">\n\t\t\t\t\t\t\t\t\t<p>Lorem ipsum dolor sit amet, consectetur adipiscing elit. Ut elit tellus, luctus nec ullamcorper mattis, pulvinar dapibus leo.<\/p>\t\t\t\t\t\t\t\t<\/div>\n\t\t\t\t<div class=\"elementor-element elementor-element-4862747 elementor-widget elementor-widget-text-editor\" data-id=\"4862747\" data-element_type=\"widget\" data-e-type=\"widget\" data-widget_type=\"text-editor.default\">\n\t\t\t\t\t\t\t\t\t<p>Lorem ipsum dolor sit amet, consectetur adipiscing elit. Ut elit tellus, luctus nec ullamcorper mattis, pulvinar dapibus leo.<\/p>\t\t\t\t\t\t\t\t<\/div>\n\t\t\t\t<\/div>\n\t\t\t\t<div class=\"elementor-element elementor-element-35f7943 elementor-button-info elementor-widget elementor-widget-button\" data-id=\"35f7943\" data-element_type=\"widget\" data-e-type=\"widget\" data-widget_type=\"button.default\">\n\t\t\t\t\t\t\t\t\t\t<a class=\"elementor-button elementor-button-link elementor-size-sm\" href=\"#\">\n\t\t\t\t\t\t<span class=\"elementor-button-content-wrapper\">\n\t\t\t\t\t\t\t\t\t<span class=\"elementor-button-text\">Click here<\/span>\n\t\t\t\t\t<\/span>\n\t\t\t\t\t<\/a>\n\t\t\t\t\t\t\t\t<\/div>\n\t\t\t\t\t<\/div>\n\t\t\t\t<\/div>\n\t\t<div class=\"elementor-element elementor-element-d6ca0e7 e-flex e-con-boxed e-con e-parent\" data-id=\"d6ca0e7\" data-element_type=\"container\" data-e-type=\"container\">\n\t\t\t\t\t<div class=\"e-con-inner\">\n\t\t\t\t<div class=\"elementor-element elementor-element-74a22eef elementor-widget elementor-widget-text-editor\" data-id=\"74a22eef\" data-element_type=\"widget\" data-e-type=\"widget\" data-widget_type=\"text-editor.default\">\n\t\t\t\t\t\t\t\t\t<div id=\"overlappable-4\" class=\"overlappable-4 content-section content-section-spacing\" style=\"background-color: #ffffff;\" data-label=\"Overlappable\" data-id=\"overlappable-4\" data-export-id=\"overlappable-4\" data-category=\"overlappable\" data-overlap=\"true\"><div class=\"gridContainer\"><div class=\"row spaced-cols text-center\" data-type=\"row\"><div class=\"col-xs-12 col-sm-4 col-padding\"><p>\u00a0<\/p><div class=\"\" data-type=\"column\"><h5 class=\"\">6\u00e8me MEETING<\/h5><p class=\"\">Le 6\u00e8me meeting d\u2019Athl\u00e9chasse \u00e0 eu lieu le 1er juin 2024.\u00a0Cet \u00e9v\u00e8nement unique en France est organis\u00e9 tous les 2 ans.<\/p><p><a class=\"button blue\" href=\"https:\/\/www.youtube.com\/watch?v=9m3Svl1D55U\" target=\"_blank\" rel=\"noopener\" data-cp-link=\"1\">Voir la vid\u00e9o<\/a><\/p><\/div><\/div><div class=\"col-xs-12 col-sm-4 col-padding\"><p>\u00a0<\/p><div class=\"\" data-type=\"column\"><h5 class=\"\">ORGANISATEURS<\/h5><p class=\"\">Cette rencontre d\u2019athl\u00e9tisme en \u00e9chasses organis\u00e9e par la F\u00e9d\u00e9ration Des Groupes Folkloriques Landais et les H\u00e9rons des Lacs \u00e0 lieu tous les 2 ans.<\/p><p><a class=\"button blue\" href=\"https:\/\/www.facebook.com\/fgfl.landes?locale=fr_FR\" target=\"_self\" rel=\"noopener\" data-cp-link=\"1\">En savoir plus sur la FGFL<\/a><a class=\"button blue\" href=\"https:\/\/lesheronsdeslacs.fr\" target=\"_self\" rel=\"noopener\" data-cp-link=\"1\">LES H\u00c9RONS DES LACS<\/a><\/p><h6 class=\"\">\u00a0<\/h6><\/div><\/div><div class=\"col-xs-12 col-sm-4 col-padding\"><p>\u00a0<\/p><div class=\"\" data-type=\"column\"><h5 class=\"\">CONTACT<\/h5><p class=\"\"><br \/><br \/><br \/>Pour plus d\u2019information sur l\u2019\u00e9v\u00e8nement\u2026<\/p><p><a class=\"button blue\" href=\"https:\/\/lesheronsdeslacs.fr\/index.php\/contact\" target=\"_self\" rel=\"noopener\" data-cp-link=\"1\">Cliquer ici<\/a><\/p><\/div><\/div><\/div><\/div><\/div><div id=\"content-14\" class=\"content-12 content-section content-section-spacing\" style=\"background-color: #f5fafd;\" data-label=\"Content\" data-id=\"content--1\" data-export-id=\"content-12\" data-category=\"content\"><div class=\"gridContainer\"><div class=\"row text-center\"><div class=\"section-title-col\" data-type=\"column\">\u00a0<\/div><\/div><div class=\"row center-xs middle-xs\"><div class=\"col-sm-9\" data-type=\"column\"><img decoding=\"async\" class=\"shadow-large\" title=\"ATHLECHASSE 2024 - 6\u00e8me meeting\" src=\"https:\/\/athlechasse.fr\/wp-content\/uploads\/2024\/05\/ATHLECHASSE-2024-6eme-meeting.png\" alt=\"\" \/><\/div><\/div><\/div><\/div><div id=\"about-1\" class=\"about-1 content-section\" style=\"background-color: #f5fafd;\" data-label=\"About\" data-id=\"about-1\" data-export-id=\"about-1\" data-category=\"about\"><div class=\"\"><div class=\"row text-center\"><div class=\"section-title-col\" data-type=\"column\"><h5 class=\"\">6\u00e8me MEETING ATHL\u00c9CHASSE \u2013 STADE DUCOM BISCARROSSE (40)<\/h5><h2 class=\"\">Journ\u00e9e du 1er juin 2024 !<\/h2><p class=\"lead\"><br \/>\u00c9v\u00e9nement incontournable du calendrier sportif biscarrossais !<br \/>La FGFL et les H\u00e9rons des Lacs r\u00e9unissent tous les 2 ans, plus d\u2019une centaine de concurrents en \u00e9chasses.<br \/><br \/>Dans une ambiance festive,<br \/><br \/>les spectateurs ont vibr\u00e9 pendant pr\u00e8s de 6 heures au rythme de confrontations entre sportifs d\u2019exception.<br \/><br \/><br \/>Les \u00e9chassiers issus de 10 groupes folkloriques Landais, se sont affront\u00e9s sur diff\u00e9rentes \u00e9preuves inspir\u00e9es des comp\u00e9titions d\u2019Athl\u00e9tisme adapt\u00e9es en version \u00e9chasses. Le 100m, le 400m, le 110m haies, le saut en longueur ainsi que le lancer de javelot et de marteau faisaient partie des \u00e9preuves de la journ\u00e9e. Tous les participants se sont affront\u00e9s dans le but de repartir avec le plus de m\u00e9dailles possibles.<br \/><br \/><br \/>En collaboration avec La FGFL, nous avons organis\u00e9 notre 6\u00e8me MEETING D\u2019ATH\u00c9CHASSE,<br \/>avec de nombreuses activit\u00e9s tout au long de la journ\u00e9e.<\/p><p><br \/><br \/>Restauration, buvette ainsi qu\u2019une initiation aux \u00e9chasses sur place !\u00a0<br \/><br \/><\/p><p><a class=\"button blue\" href=\"https:\/\/athlechasse.fr\/wp-content\/uploads\/2024\/05\/Athlechasse-2024-light.mp4\" target=\"_self\" rel=\"noopener\" data-cp-link=\"1\">TEASER 2024<\/a><\/p><h5 class=\"\">\u00a0<\/h5><h4 class=\"\" style=\"margin-top: 1.5rem; margin-bottom: 16px; outline: #cccccc solid 1px;\">STADE J. DUCOM\u00a0\u00a0<span style=\"font-family: Muli, sans-serif; font-size: 13.28px; letter-spacing: 2.24px;\">\u2013 121 Rue MOZART\u00a0<\/span>|\u00a0<span style=\"font-size: 1.1rem; letter-spacing: 0.0625rem;\">BISCARROSSE<\/span><\/h4><\/div><\/div><div class=\"row\"><div class=\"button-holder space-bottom space-bottom-small\" data-type=\"column\">\u00a0<\/div><div class=\"col-xs bottom-xs flexbox image-group-bottom-3-img space-bottom-xs center-xs\"><img decoding=\"async\" class=\"left-img shadow-large-black\" title=\"19092656_1325020664220301_89867876751598999_o-1024x682\" src=\"https:\/\/athlechasse.fr\/wp-content\/uploads\/2024\/02\/cropped-19092656_1325020664220301_89867876751598999_o-1024x682-1.jpg\" alt=\"\" data-size=\"500x300\" \/> <img decoding=\"async\" class=\"center-img shadow-large-black\" title=\"19024972_1325018204220547_785441751230253351_o-1024x682\" src=\"https:\/\/athlechasse.fr\/wp-content\/uploads\/2024\/02\/cropped-19024972_1325018204220547_785441751230253351_o-1024x682-1.jpg\" alt=\"\" data-size=\"500x300\" \/> <img decoding=\"async\" class=\"right-img shadow-large-black\" title=\"5\" src=\"https:\/\/athlechasse.fr\/wp-content\/uploads\/2024\/02\/cropped-5-scaled-1.jpg\" alt=\"\" data-size=\"500x300\" \/><\/div><\/div><\/div><\/div><div id=\"content-13\" class=\"content-2 content-section content-section-spacing\" style=\"background-color: #f5fafd;\" data-label=\"Content\" data-id=\"content-2\" data-export-id=\"content-2\" data-category=\"content\"><div><div class=\"row middle-xs\"><div class=\"col-sm-5 bg-image shadow-large-black\" style=\"background-image: url('https:\/\/athlechasse.fr\/wp-content\/uploads\/2024\/02\/cropped-cropped-3-scaled-1.jpg');\" data-bg=\"image\">\u00a0<\/div><div class=\"col-sm-7 full-col-left-padding full-col-right-padding\"><div class=\"row\"><div class=\"space-bottom-small content-title-col\" data-type=\"column\"><h5 class=\"\">1er juin 2024 \u2013 10h \u00e0 16h<\/h5><h2 class=\"\">D\u00e9roulement de la journ\u00e9e<\/h2><p class=\"\">Plus d\u2019une centaine de concurrents, de 6 \u00e0 65 ans, filles et gar\u00e7ons, chausseront leurs \u00e9chasses pour participer aux \u00e9preuves de :<\/p><\/div><\/div><div class=\"row spaced-cols \" data-type=\"row\"><div class=\"col-xs-6\" data-type=\"column\"><h5 class=\"\">COURSES<\/h5><p class=\"\">400 m<br \/><br \/><br \/>100 m<br \/><br \/><br \/>110 m Haies<br \/><br \/><br \/>Relais 4 x 100 m<\/p><\/div><div class=\"col-xs-6\" data-type=\"column\"><h5 class=\"\">SAUT \/ LANCER<\/h5><p class=\"\">Lancer de marteau<br \/><br \/><br \/>Lancer de javelot<br \/><br \/>Saut en longueur<\/p><\/div><\/div><\/div><\/div><\/div><\/div><div id=\"portfolio-3\" class=\"portfolio-4 content-section content-section-spacing-top\" style=\"background-color: #f5fafd;\" data-label=\"Portfolio\" data-id=\"portfolio-4\" data-export-id=\"portfolio-4\" data-category=\"portfolio\"><div class=\"\"><div class=\"row text-center\"><div class=\"section-title-col\" data-type=\"column\"><h2 class=\"\">Galerie<\/h2><p class=\"lead\">De 2013 \u00e0 aujourd\u2019hui\u2026<\/p><\/div><\/div><div class=\"row\" data-type=\"row\" data-fixed=\"true\"><div class=\"col-xs-12 col-sm-3 no-gutter-col\"><div class=\"contentswap-effect\" data-hover-fx=\"portfolio-4\"><div class=\"initial-image\"><img decoding=\"async\" src=\"https:\/\/athlechasse.fr\/wp-content\/uploads\/2024\/02\/cropped-Athlechasse-1.png\" data-size=\"542x360\" \/><\/div><div class=\"overlay bg-color1\">\u00a0<\/div><div class=\"swap-inner col-xs-12\"><div class=\"row full-height-row middle-xs middle-sm\"><div class=\"col-xs-12 text-center content-holder\">\u00a0<\/div><\/div><\/div><\/div><\/div><div class=\"col-xs-12 col-sm-3 no-gutter-col\"><div class=\"contentswap-effect\" data-hover-fx=\"portfolio-4\"><div class=\"initial-image\"><img decoding=\"async\" src=\"https:\/\/athlechasse.fr\/wp-content\/uploads\/2024\/02\/cropped-5ede5dba6e694_echasse.jpg\" data-size=\"542x360\" \/><\/div><div class=\"overlay bg-color1\">\u00a0<\/div><div class=\"swap-inner col-xs-12\"><div class=\"row full-height-row middle-xs middle-sm\"><div class=\"col-xs-12 text-center content-holder\">\u00a0<\/div><\/div><\/div><\/div><\/div><div class=\"col-xs-12 col-sm-3 no-gutter-col\"><div class=\"contentswap-effect\" data-hover-fx=\"portfolio-4\"><div class=\"initial-image\"><img decoding=\"async\" src=\"https:\/\/athlechasse.fr\/wp-content\/uploads\/2024\/02\/cropped-2-scaled-1.jpg\" data-size=\"542x360\" \/><\/div><div class=\"overlay bg-color1\">\u00a0<\/div><div class=\"swap-inner col-xs-12\"><div class=\"row full-height-row middle-xs middle-sm\"><div class=\"col-xs-12 text-center content-holder\">\u00a0<\/div><\/div><\/div><\/div><\/div><div class=\"col-xs-12 col-sm-3 no-gutter-col\"><div class=\"contentswap-effect\" data-hover-fx=\"portfolio-4\"><div class=\"initial-image\"><img decoding=\"async\" src=\"https:\/\/athlechasse.fr\/wp-content\/uploads\/2024\/02\/cropped-Athlechasse-1.jpg\" data-size=\"542x360\" \/><\/div><div class=\"overlay bg-color1\">\u00a0<\/div><div class=\"swap-inner col-xs-12\"><div class=\"row full-height-row middle-xs middle-sm\"><div class=\"col-xs-12 text-center content-holder\">\u00a0<\/div><\/div><\/div><\/div><\/div><div class=\"col-xs-12 col-sm-3 no-gutter-col\"><div class=\"contentswap-effect\" data-hover-fx=\"portfolio-4\"><div class=\"initial-image\"><img decoding=\"async\" src=\"https:\/\/athlechasse.fr\/wp-content\/uploads\/2024\/02\/cropped-10900169_857131164365920_5078285186861695420_o.jpg\" data-size=\"542x360\" \/><\/div><div class=\"overlay bg-color1\">\u00a0<\/div><div class=\"swap-inner col-xs-12\"><div class=\"row full-height-row middle-xs middle-sm\"><div class=\"col-xs-12 text-center content-holder\">\u00a0<\/div><\/div><\/div><\/div><\/div><div class=\"col-xs-12 col-sm-3 no-gutter-col\"><div class=\"contentswap-effect\" data-hover-fx=\"portfolio-4\"><div class=\"initial-image\"><img decoding=\"async\" src=\"https:\/\/athlechasse.fr\/wp-content\/uploads\/2024\/02\/cropped-3-scaled-1.jpg\" data-size=\"542x360\" \/><\/div><div class=\"overlay bg-color1\">\u00a0<\/div><div class=\"swap-inner col-xs-12\"><div class=\"row full-height-row middle-xs middle-sm\"><div class=\"col-xs-12 text-center content-holder\">\u00a0<\/div><\/div><\/div><\/div><\/div><div class=\"col-xs-12 col-sm-3 no-gutter-col\"><div class=\"contentswap-effect\" data-hover-fx=\"portfolio-4\"><div class=\"initial-image\"><img decoding=\"async\" src=\"https:\/\/athlechasse.fr\/wp-content\/uploads\/2024\/02\/cropped-9.jpg\" data-size=\"542x360\" \/><\/div><div class=\"overlay bg-color1\">\u00a0<\/div><div class=\"swap-inner col-xs-12\"><div class=\"row full-height-row middle-xs middle-sm\"><div class=\"col-xs-12 text-center content-holder\">\u00a0<\/div><\/div><\/div><\/div><\/div><div class=\"col-xs-12 col-sm-3 no-gutter-col\"><div class=\"contentswap-effect\" data-hover-fx=\"portfolio-4\"><div class=\"initial-image\"><img decoding=\"async\" src=\"https:\/\/athlechasse.fr\/wp-content\/uploads\/2024\/02\/cropped-Athlechasse-4.jpg\" data-size=\"542x360\" \/><\/div><div class=\"overlay bg-color1\">\u00a0<\/div><div class=\"swap-inner col-xs-12\"><div class=\"row full-height-row middle-xs middle-sm\"><div class=\"col-xs-12 text-center content-holder\">\u00a0<\/div><\/div><\/div><\/div><\/div><\/div><\/div><\/div><div id=\"cta-1\" class=\"cta-blue-section content-section content-section-spacing-medium bg-color1 white-text\" data-label=\"Cta\" data-id=\"cta-blue-section\" data-export-id=\"cta-blue-section\" data-category=\"cta\"><div class=\"gridContainer\"><div class=\"row middle-xs\"><div class=\"col-sm-8 space-bottom-xs\" data-type=\"column\"><h2 class=\"\">Toute la journ\u00e9e plus de cent \u00e9chassiers pratiqueront diff\u00e9rentes \u00e9preuves.<\/h2><\/div><div class=\"col-sm-4 end-sm\" data-type=\"column\"><a class=\"button color2\" href=\"https:\/\/athlechasse.fr\/index.php\/galerie-2\" target=\"_self\" rel=\"noopener\" data-cp-link=\"1\">Voir plus de photos\u2026.<\/a><\/div><\/div><\/div><\/div><div id=\"latest-news-1\" class=\"blog-section blog-section-standard content-section content-section-spacing\" style=\"background-color: #f5fafd;\" data-label=\"Latest-news\" data-id=\"blog-section\" data-export-id=\"blog-section\" data-category=\"latest_news\"><div class=\"gridContainer\"><div class=\"row\"><div class=\"section-title-col\" data-type=\"column\"><h2 class=\"\">L\u2019actualit\u00e9<\/h2><p class=\"lead\">D\u00e9couvrez l\u2019athl\u00e9chasse gr\u00e2ce \u00e0 nos vid\u00e9os !<\/p><\/div><\/div><div class=\"row\"><div data-type=\"row\" data-dynamic-columns=\"handled\" data-content-shortcode=\"mesmerize_latest_news\">[mesmerize_latest_news]<\/div><\/div><div class=\"row\"><div class=\"text-center\"><a class=\"button color1\" href=\"[mesmerize_blog_link]\" data-attr-shortcode=\"href:mesmerize_blog_link\">Voir d\u2019autres post du Blog<\/a><\/div><\/div><\/div><\/div><div id=\"contact-1\" class=\"contact-1 content-section content-section-spacing white-text\" data-label=\"Contact\" data-id=\"contact-1\" data-export-id=\"contact-1\" data-category=\"contact\" data-parallax-depth=\"20\"><div class=\"gridContainer\"><div class=\"row text-center\"><div class=\"section-title-col\" data-type=\"column\"><h2 class=\"\">Nous contacter<\/h2><p class=\"lead\">Pour toute demande d\u2019informations.<\/p><\/div><\/div><div class=\"row text-center\"><div class=\"col-xs-12 col-sm-8 col-sm-offset-2 contact-form-wrapper inline-info\"><div class=\"card large-padding\"><div class=\"\" data-content-shortcode=\"mesmerize_contact_form shortcode=&quot;wpforms id=&amp;amp;quot;518&amp;amp;quot;&quot;\" data-editable=\"true\">[mesmerize_contact_form shortcode=\u00a0\u00bbwpforms id=&amp;quot;518&amp;quot;\u00a0\u00bb]<\/div><\/div><\/div><\/div><\/div><\/div>\t\t\t\t\t\t\t\t<\/div>\n\t\t\t\t\t<\/div>\n\t\t\t\t<\/div>\n\t\t<div class=\"elementor-element elementor-element-602e0f1 e-flex e-con-boxed e-con e-parent\" data-id=\"602e0f1\" data-element_type=\"container\" data-e-type=\"container\">\n\t\t\t\t\t<div class=\"e-con-inner\">\n\t\t\t\t\t<\/div>\n\t\t\t\t<\/div>\n\t\t<div class=\"elementor-element elementor-element-9219d16 e-flex e-con-boxed e-con e-parent\" data-id=\"9219d16\" data-element_type=\"container\" data-e-type=\"container\">\n\t\t\t\t\t<div class=\"e-con-inner\">\n\t\t\t\t<div class=\"elementor-element elementor-element-c5ee980 elementor-widget elementor-widget-text-editor\" data-id=\"c5ee980\" data-element_type=\"widget\" data-e-type=\"widget\" data-widget_type=\"text-editor.default\">\n\t\t\t\t\t\t\t\t\t<p>Lorem ipsum dolor sit amet, consectetur adipiscing elit. Ut elit tellus, luctus nec ullamcorper mattis, pulvinar dapibus leo.<\/p>\t\t\t\t\t\t\t\t<\/div>\n\t\t\t\t\t<\/div>\n\t\t\t\t<\/div>\n\t\t\t\t<\/div>\n\t\t","protected":false},"excerpt":{"rendered":"<p>Vivez l\u2019exp\u00e9rience unique du 7\u1d49 Meeting d\u2019Athl\u00e9chasse \u00e0 Biscarrosse ! Lorem ipsum dolor sit amet, consectetur adipiscing elit. Ut elit tellus, luctus nec ullamcorper mattis, pulvinar dapibus leo. Lorem ipsum dolor sit amet, consectetur adipiscing elit. Ut elit tellus, luctus nec ullamcorper mattis, pulvinar dapibus leo. Lorem ipsum dolor sit amet, consectetur adipiscing elit. Ut&#8230;<\/p>\n","protected":false},"author":1,"featured_media":0,"parent":0,"menu_order":0,"comment_status":"closed","ping_status":"closed","template":"","meta":{"_eb_attr":"","_kad_post_transparent":"","_kad_post_title":"","_kad_post_layout":"","_kad_post_sidebar_id":"","_kad_post_content_style":"","_kad_post_vertical_padding":"","_kad_post_feature":"","_kad_post_feature_position":"","_kad_post_header":false,"_kad_post_footer":false,"_kad_post_classname":"","footnotes":""},"class_list":["post-72","page","type-page","status-publish","hentry"],"_links":{"self":[{"href":"https:\/\/athlechasse.fr\/index.php\/wp-json\/wp\/v2\/pages\/72","targetHints":{"allow":["GET"]}}],"collection":[{"href":"https:\/\/athlechasse.fr\/index.php\/wp-json\/wp\/v2\/pages"}],"about":[{"href":"https:\/\/athlechasse.fr\/index.php\/wp-json\/wp\/v2\/types\/page"}],"author":[{"embeddable":true,"href":"https:\/\/athlechasse.fr\/index.php\/wp-json\/wp\/v2\/users\/1"}],"replies":[{"embeddable":true,"href":"https:\/\/athlechasse.fr\/index.php\/wp-json\/wp\/v2\/comments?post=72"}],"version-history":[{"count":51,"href":"https:\/\/athlechasse.fr\/index.php\/wp-json\/wp\/v2\/pages\/72\/revisions"}],"predecessor-version":[{"id":595,"href":"https:\/\/athlechasse.fr\/index.php\/wp-json\/wp\/v2\/pages\/72\/revisions\/595"}],"wp:attachment":[{"href":"https:\/\/athlechasse.fr\/index.php\/wp-json\/wp\/v2\/media?parent=72"}],"curies":[{"name":"wp","href":"https:\/\/api.w.org\/{rel}","templated":true}]}}