{"id":3,"date":"2024-02-02T17:29:41","date_gmt":"2024-02-02T16:29:41","guid":{"rendered":"http:\/\/athlechasse.fr\/?page_id=3"},"modified":"2026-02-04T13:47:43","modified_gmt":"2026-02-04T12:47:43","slug":"politique-de-confidentialite","status":"publish","type":"page","link":"https:\/\/athlechasse.fr\/index.php\/politique-de-confidentialite\/","title":{"rendered":"Politique de confidentialit\u00e9"},"content":{"rendered":"\n<h2 class=\"wp-block-heading\">Donn\u00e9es personnelles collect\u00e9es<\/h2>\n\n\n\n<p>Nous pouvons collecter les donn\u00e9es suivantes <strong>lorsque vous les fournissez volontairement<\/strong> :<\/p>\n\n\n\n<p>Les H\u00e9rons des Lacs &#8211; Giovanni Marzo<\/p>\n\n\n\n<p><a href=\"https:\/\/www.google.com\/maps\/place\/\/data=!4m2!3m1!1s0xd5481baf7c1937b:0xf8268911442788fd?sa=X&amp;ved=1t:8290&amp;ictx=111\">69 Chem. d&rsquo;en Belliard, 40600 Biscarrosse<\/a><\/p>\n\n\n\n<p><a href=\"https:\/\/www.google.com\/search?q=les+heronsdes+%3Dlac&amp;rlz=1C1ONGR_frFR1029FR1029&amp;oq=les+herons&amp;gs_lcrp=EgZjaHJvbWUqBggAEEUYOzIGCAAQRRg7MgYIARBFGDkyDQgCEC4YrwEYxwEYgAQyBwgDEC4YgAQyBwgEEAAYgAQyBwgFEAAYgAQyBwgGEAAYgAQyBwgHEAAYgAQyBwgIEAAYgATSAQk0MzU5ajBqMTWoAgiwAgHxBaV2RPucxlH9&amp;sourceid=chrome&amp;ie=UTF-8#\">07 81 17 45 15<\/a><\/p>\n\n\n\n<p><a href=\"https:\/\/athlechasse.fr\/\">https:\/\/athlechasse.fr\/<\/a><\/p>\n\n\n\n<p>Derni\u00e8re mise \u00e0 jour : 01\/02\/2026<\/p>\n\n\n\n<p>Ces types de donn\u00e9es sont consid\u00e9r\u00e9s comme des donn\u00e9es personnelles au sens du <strong>R\u00e8glement G\u00e9n\u00e9ral sur la Protection des Donn\u00e9es (RGPD)<\/strong>.<\/p>\n\n\n\n<h2 class=\"wp-block-heading\">Commentaires<\/h2>\n\n\n\n<p><strong class=\"privacy-policy-tutorial\">Texte sugg\u00e9r\u00e9&nbsp;: <\/strong>Quand vous laissez un commentaire sur notre site, les donn\u00e9es inscrites dans le formulaire de commentaire, ainsi que votre adresse IP et l\u2019agent utilisateur de votre navigateur sont collect\u00e9s pour nous aider \u00e0 la d\u00e9tection des commentaires ind\u00e9sirables.<\/p>\n\n\n\n<p>Une cha\u00eene anonymis\u00e9e cr\u00e9\u00e9e \u00e0 partir de votre adresse e-mail (\u00e9galement appel\u00e9e hash) peut \u00eatre envoy\u00e9e au service Gravatar pour v\u00e9rifier si vous utilisez ce dernier. Les clauses de confidentialit\u00e9 du service Gravatar sont disponibles ici&nbsp;: https:\/\/automattic.com\/privacy\/. Apr\u00e8s validation de votre commentaire, votre photo de profil sera visible publiquement \u00e0 cot\u00e9 de votre commentaire.<\/p>\n\n\n\n<h2 class=\"wp-block-heading\">Finalit\u00e9s de la collecte<\/h2>\n\n\n\n<p>Les informations collect\u00e9es sont utilis\u00e9es pour :<\/p>\n\n\n\n<p>Am\u00e9liorer l\u2019exp\u00e9rience et le fonctionnement du Site<\/p>\n\n\n\n<p>R\u00e9pondre \u00e0 vos demandes via les formulaires de contact<\/p>\n\n\n\n<p>G\u00e9rer votre inscription \u00e0 un \u00e9v\u00e9nement<\/p>\n\n\n\n<p>Vous envoyer des informations ou mises \u00e0 jour si vous y avez consenti<\/p>\n\n\n\n<h2 class=\"wp-block-heading\">Conservation des donn\u00e9es<\/h2>\n\n\n\n<p>Vos donn\u00e9es personnelles sont <strong>conserv\u00e9es uniquement le temps n\u00e9cessaire<\/strong> \u00e0 la finalit\u00e9 pour laquelle elles ont \u00e9t\u00e9 collect\u00e9es ou selon les obligations l\u00e9gales en vigueur.<\/p>\n\n\n\n<h2 class=\"wp-block-heading\">Contenu embarqu\u00e9 depuis d\u2019autres sites<\/h2>\n\n\n\n<p><strong class=\"privacy-policy-tutorial\">Texte sugg\u00e9r\u00e9&nbsp;: <\/strong>Les articles de ce site peuvent inclure des contenus int\u00e9gr\u00e9s (par exemple des vid\u00e9os, images, articles\u2026). Le contenu int\u00e9gr\u00e9 depuis d\u2019autres sites se comporte de la m\u00eame mani\u00e8re que si le visiteur se rendait sur cet autre site.<\/p>\n\n\n\n<p>Ces sites web pourraient collecter des donn\u00e9es sur vous, utiliser des cookies, embarquer des outils de suivis tiers, suivre vos interactions avec ces contenus embarqu\u00e9s si vous disposez d\u2019un compte connect\u00e9 sur leur site web.<\/p>\n\n\n\n<h2 class=\"wp-block-heading\">Utilisation et transmission de vos donn\u00e9es personnelles<\/h2>\n\n\n\n<p><strong class=\"privacy-policy-tutorial\">Texte sugg\u00e9r\u00e9&nbsp;: <\/strong>Si vous demandez une r\u00e9initialisation de votre mot de passe, votre adresse IP sera incluse dans l\u2019e-mail de r\u00e9initialisation.<\/p>\n\n\n\n<h2 class=\"wp-block-heading\">Cookies et technologies similaires<\/h2>\n\n\n\n<p>Le Site peut d\u00e9poser des cookies ou utiliser des outils d\u2019analyse pour :<\/p>\n\n\n\n<ul class=\"wp-block-list\">\n<li>Mesurer la fr\u00e9quentation du Site<\/li>\n\n\n\n<li>Am\u00e9liorer l\u2019exp\u00e9rience utilisateur<\/li>\n\n\n\n<li>Comprendre les pages les plus visit\u00e9es<\/li>\n<\/ul>\n\n\n\n<p>Vous pouvez <strong>refuser ou supprimer les cookies<\/strong> \u00e0 tout moment depuis les param\u00e8tres de votre navigateur.<\/p>\n\n\n\n<h2 class=\"wp-block-heading\">Les droits que vous avez sur vos donn\u00e9es<\/h2>\n\n\n\n<p><strong class=\"privacy-policy-tutorial\">Texte sugg\u00e9r\u00e9&nbsp;: <\/strong>Si vous avez un compte ou si vous avez laiss\u00e9 des commentaires sur le site, vous pouvez demander \u00e0 recevoir un fichier contenant toutes les donn\u00e9es personnelles que nous poss\u00e9dons \u00e0 votre sujet, incluant celles que vous nous avez fournies. Vous pouvez \u00e9galement demander la suppression des donn\u00e9es personnelles vous concernant. Cela ne prend pas en compte les donn\u00e9es stock\u00e9es \u00e0 des fins administratives, l\u00e9gales ou pour des raisons de s\u00e9curit\u00e9.<\/p>\n\n\n\n<h2 class=\"wp-block-heading\">Droits des utilisateurs<\/h2>\n\n\n\n<p>Conform\u00e9ment au RGPD, vous disposez de droits sur vos donn\u00e9es :<\/p>\n\n\n\n<ul class=\"wp-block-list\">\n<li>Droit d\u2019acc\u00e8s<\/li>\n\n\n\n<li>Droit de rectification<\/li>\n\n\n\n<li>Droit \u00e0 la suppression (\u201cdroit \u00e0 l\u2019oubli\u201d)<\/li>\n\n\n\n<li>Droit \u00e0 la limitation du traitement<\/li>\n\n\n\n<li>Droit d\u2019opposition<\/li>\n\n\n\n<li>Droit \u00e0 la portabilit\u00e9 des donn\u00e9es<\/li>\n<\/ul>\n\n\n\n<p>Pour exercer ces droits, vous pouvez nous contacter \u00e0 :<br>\ud83d\udce7 <strong><a>lesheronsdeslacs@yahoo.fr<\/a><\/strong> (contact principal visible sur le site)<\/p>\n\n\n\n<h2 class=\"wp-block-heading\">S\u00e9curit\u00e9 des donn\u00e9es<\/h2>\n\n\n\n<p>Nous mettons en \u0153uvre des mesures techniques et organisationnelles pour prot\u00e9ger vos donn\u00e9es contre l\u2019acc\u00e8s non autoris\u00e9, la divulgation ou la modification.<\/p>\n\n\n\n<h2 class=\"wp-block-heading\">Modification de la politique<\/h2>\n\n\n\n<p>Cette politique peut \u00eatre mise \u00e0 jour \u00e0 tout moment. La <strong>date de la derni\u00e8re mise \u00e0 jour<\/strong> sera indiqu\u00e9e en haut de la page.<\/p>\n\n\n\n<h2 class=\"wp-block-heading\">Contact<\/h2>\n\n\n\n<p>Pour toute question concernant vos donn\u00e9es personnelles ou cette politique, vous pouvez nous \u00e9crire \u00e0\u202f:<br>\ud83d\udce7 <strong><a>lesheronsdeslacs@yahoo.fr<\/a><\/strong><\/p>\n\n\n\n<p><\/p>\n","protected":false},"excerpt":{"rendered":"<p>Donn\u00e9es personnelles collect\u00e9es Nous pouvons collecter les donn\u00e9es suivantes lorsque vous les fournissez volontairement : Les H\u00e9rons des Lacs &#8211; Giovanni Marzo 69 Chem. d&rsquo;en Belliard, 40600 Biscarrosse 07 81 17 45 15 https:\/\/athlechasse.fr\/ Derni\u00e8re mise \u00e0 jour : 01\/02\/2026 Ces types de donn\u00e9es sont consid\u00e9r\u00e9s comme des donn\u00e9es personnelles au sens du R\u00e8glement G\u00e9n\u00e9ral&#8230;<\/p>\n","protected":false},"author":1,"featured_media":0,"parent":0,"menu_order":0,"comment_status":"closed","ping_status":"open","template":"","meta":{"_eb_attr":"","_kad_post_transparent":"","_kad_post_title":"","_kad_post_layout":"","_kad_post_sidebar_id":"","_kad_post_content_style":"","_kad_post_vertical_padding":"","_kad_post_feature":"","_kad_post_feature_position":"","_kad_post_header":false,"_kad_post_footer":false,"_kad_post_classname":"","footnotes":""},"class_list":["post-3","page","type-page","status-publish","hentry"],"_links":{"self":[{"href":"https:\/\/athlechasse.fr\/index.php\/wp-json\/wp\/v2\/pages\/3","targetHints":{"allow":["GET"]}}],"collection":[{"href":"https:\/\/athlechasse.fr\/index.php\/wp-json\/wp\/v2\/pages"}],"about":[{"href":"https:\/\/athlechasse.fr\/index.php\/wp-json\/wp\/v2\/types\/page"}],"author":[{"embeddable":true,"href":"https:\/\/athlechasse.fr\/index.php\/wp-json\/wp\/v2\/users\/1"}],"replies":[{"embeddable":true,"href":"https:\/\/athlechasse.fr\/index.php\/wp-json\/wp\/v2\/comments?post=3"}],"version-history":[{"count":1,"href":"https:\/\/athlechasse.fr\/index.php\/wp-json\/wp\/v2\/pages\/3\/revisions"}],"predecessor-version":[{"id":597,"href":"https:\/\/athlechasse.fr\/index.php\/wp-json\/wp\/v2\/pages\/3\/revisions\/597"}],"wp:attachment":[{"href":"https:\/\/athlechasse.fr\/index.php\/wp-json\/wp\/v2\/media?parent=3"}],"curies":[{"name":"wp","href":"https:\/\/api.w.org\/{rel}","templated":true}]}}