{"id":2,"date":"2024-02-06T17:29:41","date_gmt":"2024-02-06T16:29:41","guid":{"rendered":"http:\/\/athlechasse.fr\/?page_id=2"},"modified":"2026-02-04T16:34:19","modified_gmt":"2026-02-04T15:34:19","slug":"page-d-exemple","status":"publish","type":"page","link":"https:\/\/athlechasse.fr\/index.php\/page-d-exemple\/","title":{"rendered":"L&rsquo;Athl\u00e9chasse"},"content":{"rendered":"\t\t<div data-elementor-type=\"wp-page\" data-elementor-id=\"2\" class=\"elementor elementor-2\">\n\t\t\t\t<div class=\"elementor-element elementor-element-16b6d6c7 e-con-full e-flex e-con e-parent\" data-id=\"16b6d6c7\" data-element_type=\"container\" data-e-type=\"container\">\n\t\t\t\t<div class=\"elementor-element elementor-element-5f186cc5 elementor-widget elementor-widget-text-editor\" data-id=\"5f186cc5\" data-element_type=\"widget\" data-e-type=\"widget\" data-widget_type=\"text-editor.default\">\n\t\t\t\t\t\t\t\t\t\n<h2 class=\"wp-block-heading\">C&rsquo;est quoi ?<\/h2>\n\n\n\n<p>C&rsquo;est une <strong>discipline d\u2019antan modernis\u00e9e<\/strong> et valoris\u00e9e par une centaine de comp\u00e9titeurs issus de plusieurs groupes d&rsquo;\u00e9chassiers landais, <strong>amoureux du folklore<\/strong> et du sport. <\/p>\n\n\n\n<h2 class=\"wp-block-heading\">Une discipline landaise entre h\u00e9ritage et modernit\u00e9<\/h2>\n\n\n\n<p>L\u2019athl\u00e9tisme sur \u00e9chasses landaises est une discipline sportive unique qui fait revivre une pratique ancestrale du Sud-Ouest en la propulsant dans une version r\u00e9solument contemporaine. Longtemps symbole de la vie rurale landaise, les \u00e9chasses deviennent aujourd\u2019hui un v\u00e9ritable outil de performance sportive.<\/p>\n\n\n\n<p>Port\u00e9e par une centaine de comp\u00e9titeurs et comp\u00e9titrices issus de plusieurs groupes d\u2019\u00e9chassiers landais, cette pratique rassemble des passionn\u00e9s de sport, de culture locale et de spectacle vivant.<\/p>\n\n\n\n<div class=\"wp-block-media-text is-stacked-on-mobile\"><figure class=\"wp-block-media-text__media\"><img fetchpriority=\"high\" decoding=\"async\" width=\"1024\" height=\"724\" src=\"http:\/\/athlechasse.fr\/wp-content\/uploads\/2024\/02\/1-1024x724.jpg\" alt=\"\" class=\"wp-image-24 size-full\" srcset=\"https:\/\/athlechasse.fr\/wp-content\/uploads\/2024\/02\/1-1024x724.jpg 1024w, https:\/\/athlechasse.fr\/wp-content\/uploads\/2024\/02\/1-300x212.jpg 300w, https:\/\/athlechasse.fr\/wp-content\/uploads\/2024\/02\/1-768x543.jpg 768w, https:\/\/athlechasse.fr\/wp-content\/uploads\/2024\/02\/1-1536x1085.jpg 1536w, https:\/\/athlechasse.fr\/wp-content\/uploads\/2024\/02\/1-2048x1447.jpg 2048w, https:\/\/athlechasse.fr\/wp-content\/uploads\/2024\/02\/1-1528x1080.jpg 1528w\" sizes=\"(max-width: 1024px) 100vw, 1024px\" \/><\/figure><div class=\"wp-block-media-text__content\">\n<p>Un vrai <strong>\u00e9quilibre <\/strong>entre modernit\u00e9 et partage des traditions !!!<\/p>\n<\/div><\/div>\n\n\n\n<h2 class=\"wp-block-heading has-black-color has-text-color has-link-color wp-elements-f35a3d2425633a4d244fd652a7fc5d83\">Des \u00e9preuves inspir\u00e9es de l\u2019athl\u00e9tisme olympique<\/h2>\n\n\n\n<p>Inspir\u00e9s par les disciplines embl\u00e9matiques des Jeux Olympiques, les participants chaussent leurs \u00e9chasses landaises pour reproduire les grandes \u00e9preuves de l\u2019athl\u00e9tisme :<\/p>\n\n\n\n<ul class=\"wp-block-list\">\n<li>Course sur \u00e9chasses<\/li>\n\n\n\n<li>Course relais et 4\u00d7100 m\u00e8tres<\/li>\n\n\n\n<li>Saut en longueur<\/li>\n\n\n\n<li>Saut de haies<\/li>\n\n\n\n<li>Lancer de poids<\/li>\n\n\n\n<li>Lancer de javelot<\/li>\n<\/ul>\n\n\n\n<p class=\"has-header-gradient-color has-text-color has-link-color wp-elements-49a2cf9d6a2d4fb1b358547ea45432c7\">Chaque \u00e9preuve demande une ma\u00eetrise parfaite de l\u2019\u00e9quilibre, de la coordination et de l\u2019endurance, faisant de l\u2019athl\u00e9tisme sur \u00e9chasses un sport aussi exigeant qu\u2019impressionnant.<\/p>\n\n\n\n<h2 class=\"wp-block-heading\">Un sport spectaculaire et f\u00e9d\u00e9rateur<\/h2>\n\n\n\n<p>Au-del\u00e0 de la performance, l\u2019athl\u00e9tisme sur \u00e9chasses landaises est un v\u00e9ritable spectacle. Il attire un public curieux, s\u00e9duit par la hauteur, la technicit\u00e9 et l\u2019originalit\u00e9 des \u00e9preuves. Cette discipline cr\u00e9e un pont entre les g\u00e9n\u00e9rations, valorise le patrimoine landais et offre une lecture moderne du folklore r\u00e9gional.<\/p>\n\n\n\n<h2 class=\"wp-block-heading has-black-color has-text-color has-link-color wp-elements-c95bbe1d1545ac2fea0734bd173233e9\">Une pratique ancr\u00e9e dans la culture landaise<\/h2>\n\n\n\n<p>Les \u00e9chasses landaises font partie int\u00e9grante de l\u2019identit\u00e9 des Landes. En les associant \u00e0 l\u2019athl\u00e9tisme, cette discipline contribue \u00e0 la transmission d\u2019un savoir-faire historique tout en lui donnant une visibilit\u00e9 nouvelle \u00e0 l\u2019\u00e9chelle r\u00e9gionale et nationale.<\/p>\n\n\n\n<p>L\u2019athl\u00e9tisme sur \u00e9chasses landaises incarne ainsi un \u00e9quilibre subtil entre respect des traditions et innovation sportive.<\/p>\n\n\n\n<div class=\"wp-block-buttons is-layout-flex wp-block-buttons-is-layout-flex\">\n<div class=\"wp-block-button\"><a class=\"wp-block-button__link wp-element-button\" href=\"https:\/\/athlechasse.fr\/index.php\/2024\/02\/06\/co-organisation\/\">En savoir plus<\/a><\/div>\n<\/div>\n\n\n\n<p><\/p>\n\t\t\t\t\t\t\t\t<\/div>\n\t\t\t\t<\/div>\n\t\t\t\t<\/div>\n\t\t","protected":false},"excerpt":{"rendered":"<p>C&rsquo;est quoi ? C&rsquo;est une discipline d\u2019antan modernis\u00e9e et valoris\u00e9e par une centaine de comp\u00e9titeurs issus de plusieurs groupes d&rsquo;\u00e9chassiers landais, amoureux du folklore et du sport. Une discipline landaise entre h\u00e9ritage et modernit\u00e9 L\u2019athl\u00e9tisme sur \u00e9chasses landaises est une discipline sportive unique qui fait revivre une pratique ancestrale du Sud-Ouest en la propulsant dans&#8230;<\/p>\n","protected":false},"author":1,"featured_media":26,"parent":0,"menu_order":0,"comment_status":"closed","ping_status":"open","template":"","meta":{"_eb_attr":"","_kad_post_transparent":"","_kad_post_title":"","_kad_post_layout":"","_kad_post_sidebar_id":"","_kad_post_content_style":"","_kad_post_vertical_padding":"","_kad_post_feature":"","_kad_post_feature_position":"","_kad_post_header":false,"_kad_post_footer":false,"_kad_post_classname":"","footnotes":""},"class_list":["post-2","page","type-page","status-publish","has-post-thumbnail","hentry"],"_links":{"self":[{"href":"https:\/\/athlechasse.fr\/index.php\/wp-json\/wp\/v2\/pages\/2","targetHints":{"allow":["GET"]}}],"collection":[{"href":"https:\/\/athlechasse.fr\/index.php\/wp-json\/wp\/v2\/pages"}],"about":[{"href":"https:\/\/athlechasse.fr\/index.php\/wp-json\/wp\/v2\/types\/page"}],"author":[{"embeddable":true,"href":"https:\/\/athlechasse.fr\/index.php\/wp-json\/wp\/v2\/users\/1"}],"replies":[{"embeddable":true,"href":"https:\/\/athlechasse.fr\/index.php\/wp-json\/wp\/v2\/comments?post=2"}],"version-history":[{"count":13,"href":"https:\/\/athlechasse.fr\/index.php\/wp-json\/wp\/v2\/pages\/2\/revisions"}],"predecessor-version":[{"id":662,"href":"https:\/\/athlechasse.fr\/index.php\/wp-json\/wp\/v2\/pages\/2\/revisions\/662"}],"wp:featuredmedia":[{"embeddable":true,"href":"https:\/\/athlechasse.fr\/index.php\/wp-json\/wp\/v2\/media\/26"}],"wp:attachment":[{"href":"https:\/\/athlechasse.fr\/index.php\/wp-json\/wp\/v2\/media?parent=2"}],"curies":[{"name":"wp","href":"https:\/\/api.w.org\/{rel}","templated":true}]}}